{"id":8,"date":"2019-12-16T15:17:48","date_gmt":"2019-12-16T15:17:48","guid":{"rendered":"https:\/\/curatioremotis.com\/?page_id=8"},"modified":"2019-12-21T14:01:59","modified_gmt":"2019-12-21T14:01:59","slug":"startseite","status":"publish","type":"page","link":"https:\/\/curatioremotis.com\/","title":{"rendered":"Impressum"},"content":{"rendered":"\n<p>Inhaltlich Verantwortlicher dieser Webseite gem\u00e4\u00df \u00a7 55 Abs. 2 RStV ist:<\/p>\n\n\n\n<p>Dr. med. Carsten Schmidt<br>\nLange Stra\u00dfe 23<br>\n26655 Westerstede<\/p>\n\n\n\n<p>Telefon: (04488) 2474<br>\nFax: (04488) 859023<br>\nE-Mail: arztpraxis-drschmidt@gmx.de<\/p>\n\n\n\n<p>Mitglied der \u00c4rztekammer Niedersachsen<br>\nKarl-Wiechert-Allee 18-22<br>\n30625 Hannover<\/p>\n\n\n\n<p>Emails werden regelm\u00e4\u00dfig abgerufen und umgehend beantwortet (Bitte denken Sie daran, dass Emails nicht \u2018sicher\u2019 sind und nutzen Sie Emails nicht f\u00fcr vertrauliche Informationen). Alle Anfragen werden selbstverst\u00e4ndlich vertraulich behandelt. Wir bem\u00fchen uns, alle Angaben auf diesen Internet-Seiten so aktuell zu halten wie m\u00f6glich. Trotzdem: die auf diesen Seiten gemachten Angebote k\u00f6nnen sich jederzeit \u00e4ndern und sind daher unverbindlich.<\/p>\n\n\n\n<p>F\u00fcr Seiten, die von dieser Internet-Seite aus erreicht werden k\u00f6nnen, k\u00f6nnen wir keinerlei Verantwortung \u00fcbernehmen. Inhalte verlinkter Seiten sind v\u00f6llig unabh\u00e4ngig von unseren Ansichten, Einsch\u00e4tzungen und Meinungen.<\/p>\n\n\n\n<p>Sollten Inhalte dieser Internet-Seite die Rechte Dritter verletzen bitten wir um sofortige Benachrichtigung \u2013 wir werden etwaige Rechtsverletzungen unverz\u00fcglich beheben.<\/p>\n\n\n\n<p>Datenschutzerkl\u00e4rung gem\u00e4\u00df DSGVO:<\/p>\n\n\n\n<p>Alle Daten, die auf dieser Internetseite im Zusammenhang mit Ihrem Namen gespeichert werden (Personenbezogene Daten), werden ausschlie\u00dflich f\u00fcr die von Ihnen gew\u00e4hlten Zwecke genutzt. Wir versichern ausdr\u00fccklich, da\u00df diese Daten nur von uns, oder von uns verbundenen Unternehmen, genutzt werden. Sollten Sie die vollst\u00e4ndige L\u00f6schung Ihrer Daten w\u00fcnschen, reicht eine formlose Mitteilung dazu aus.<\/p>\n\n\n\n<p>Die verantwortliche Stelle entscheidet allein oder gemeinsam mit anderen \u00fcber die Zwecke und Mittel der Verarbeitung von personenbezogenen Daten (z.B. Namen, Kontaktdaten o. \u00c4.).<\/p>\n\n\n\n<p>Widerruf Ihrer Einwilligung zur Datenverarbeitung<\/p>\n\n\n\n<p>Nur mit Ihrer ausdr\u00fccklichen Einwilligung sind einige Vorg\u00e4nge der Datenverarbeitung m\u00f6glich. Ein Widerruf Ihrer bereits erteilten Einwilligung ist jederzeit m\u00f6glich. F\u00fcr den Widerruf gen\u00fcgt eine formlose Mitteilung per E-Mail. Die Rechtm\u00e4\u00dfigkeit der bis zum Widerruf erfolgten Datenverarbeitung bleibt vom Widerruf unber\u00fchrt.<\/p>\n\n\n\n<p>Recht auf Beschwerde bei der zust\u00e4ndigen Aufsichtsbeh\u00f6rde<\/p>\n\n\n\n<p>Als Betroffener steht Ihnen im Falle eines datenschutzrechtlichen Versto\u00dfes ein Beschwerderecht bei der zust\u00e4ndigen Aufsichtsbeh\u00f6rde zu. Zust\u00e4ndige Aufsichtsbeh\u00f6rde bez\u00fcglich datenschutzrechtlicher Fragen ist der Landesdatenschutzbeauftragte des Bundeslandes, in dem sich der Sitz unseres Unternehmens befindet. Der folgende Link stellt eine Liste der Datenschutzbeauftragten sowie deren Kontaktdaten bereit: https:\/\/www.bfdi.bund.de\/DE\/Infothek\/Anschriften_Links\/anschriften_links-node.html.<\/p>\n\n\n\n<p>Recht auf Daten\u00fcbertragbarkeit<\/p>\n\n\n\n<p>Ihnen steht das Recht zu, Daten, die wir auf Grundlage Ihrer Einwilligung oder in Erf\u00fcllung eines Vertrags automatisiert verarbeiten, an sich oder an Dritte aush\u00e4ndigen zu lassen. Die Bereitstellung erfolgt in einem maschinenlesbaren Format. Sofern Sie die direkte \u00dcbertragung der Daten an einen anderen Verantwortlichen verlangen, erfolgt dies nur, soweit es technisch machbar ist.<\/p>\n\n\n\n<p>Recht auf Auskunft, Berichtigung, Sperrung, L\u00f6schung<\/p>\n\n\n\n<p>Sie haben jederzeit im Rahmen der geltenden gesetzlichen Bestimmungen das Recht auf unentgeltliche Auskunft \u00fcber Ihre gespeicherten personenbezogenen Daten, Herkunft der Daten, deren Empf\u00e4nger und den Zweck der Datenverarbeitung und ggf. ein Recht auf Berichtigung, Sperrung oder L\u00f6schung dieser Daten. Diesbez\u00fcglich und auch zu weiteren Fragen zum Thema personenbezogene Daten k\u00f6nnen Sie sich jederzeit \u00fcber die im Impressum aufgef\u00fchrten Kontaktm\u00f6glichkeiten an uns wenden.<\/p>\n\n\n\n<p>SSL- bzw. TLS-Verschl\u00fcsselung<\/p>\n\n\n\n<p>Aus Sicherheitsgr\u00fcnden und zum Schutz der \u00dcbertragung vertraulicher Inhalte, die Sie an uns als Seitenbetreiber senden, nutzt unsere Website eine SSL-bzw. TLS-Verschl\u00fcsselung. Damit sind Daten, die Sie \u00fcber diese Website \u00fcbermitteln, f\u00fcr Dritte nicht mitlesbar. Sie erkennen eine verschl\u00fcsselte Verbindung an der \u201ehttps:\/\/\u201c Adresszeile Ihres Browsers und am Schloss-Symbol in der Browserzeile.<\/p>\n\n\n\n<p>Server-Log-Dateien<\/p>\n\n\n\n<p>In Server-Log-Dateien erhebt und speichert der Provider der Website automatisch Informationen, die Ihr Browser automatisch an uns \u00fcbermittelt. Dies sind:<\/p>\n\n\n\n<p>Browsertyp und Browserversion<br>\nVerwendetes Betriebssystem<br>\nReferrer URL<br>\nHostname des zugreifenden Rechners<br>\nUhrzeit der Serveranfrage<br>\nIP-Adresse<\/p>\n\n\n\n<p>Es findet keine Zusammenf\u00fchrung dieser Daten mit anderen Datenquellen statt. Grundlage der Datenverarbeitung bildet Art. 6 Abs. 1 lit. b DSGVO, der die Verarbeitung von Daten zur Erf\u00fcllung eines Vertrags oder vorvertraglicher Ma\u00dfnahmen gestattet.<\/p>\n","protected":false},"excerpt":{"rendered":"<p>Inhaltlich Verantwortlicher dieser Webseite gem\u00e4\u00df \u00a7 55 Abs. 2 RStV ist: Dr. med. Carsten Schmidt Lange Stra\u00dfe 23 26655 Westerstede Telefon: (04488) 2474 Fax: (04488) 859023 E-Mail: arztpraxis-drschmidt@gmx.de Mitglied der \u00c4rztekammer Niedersachsen Karl-Wiechert-Allee 18-22 30625 Hannover Emails werden regelm\u00e4\u00dfig abgerufen und umgehend beantwortet (Bitte denken Sie daran, dass Emails nicht \u2018sicher\u2019 sind und nutzen Sie &hellip; <\/p>\n<p class=\"link-more\"><a href=\"https:\/\/curatioremotis.com\/\" class=\"more-link\"><span class=\"screen-reader-text\">\u201eImpressum\u201c<\/span> weiterlesen<\/a><\/p>\n","protected":false},"author":1,"featured_media":0,"parent":0,"menu_order":0,"comment_status":"closed","ping_status":"closed","template":"","meta":[],"_links":{"self":[{"href":"https:\/\/curatioremotis.com\/index.php\/wp-json\/wp\/v2\/pages\/8"}],"collection":[{"href":"https:\/\/curatioremotis.com\/index.php\/wp-json\/wp\/v2\/pages"}],"about":[{"href":"https:\/\/curatioremotis.com\/index.php\/wp-json\/wp\/v2\/types\/page"}],"author":[{"embeddable":true,"href":"https:\/\/curatioremotis.com\/index.php\/wp-json\/wp\/v2\/users\/1"}],"replies":[{"embeddable":true,"href":"https:\/\/curatioremotis.com\/index.php\/wp-json\/wp\/v2\/comments?post=8"}],"version-history":[{"count":2,"href":"https:\/\/curatioremotis.com\/index.php\/wp-json\/wp\/v2\/pages\/8\/revisions"}],"predecessor-version":[{"id":35,"href":"https:\/\/curatioremotis.com\/index.php\/wp-json\/wp\/v2\/pages\/8\/revisions\/35"}],"wp:attachment":[{"href":"https:\/\/curatioremotis.com\/index.php\/wp-json\/wp\/v2\/media?parent=8"}],"curies":[{"name":"wp","href":"https:\/\/api.w.org\/{rel}","templated":true}]}}